{"id":14534,"date":"2020-03-19T20:48:33","date_gmt":"2020-03-19T19:48:33","guid":{"rendered":"https:\/\/eufortrisomy21.eu\/?page_id=14534"},"modified":"2022-02-01T23:47:47","modified_gmt":"2022-02-01T22:47:47","slug":"challenge","status":"publish","type":"page","link":"https:\/\/eufortrisomy21.eu\/da\/21march20\/challenge\/","title":{"rendered":"Udfordring"},"content":{"rendered":"<h1>\n\t\t\n\t<\/h1>\n<h2>\n\t\tUoverensstemmende sokker udfordring\n\t<\/h2>\n\t\t\t\t\t\t<img decoding=\"async\" src=\"https:\/\/i.ytimg.com\/vi\/QZ3elhGVp_Q\/maxresdefault.jpg\"  \/>\n\t<p>Fem familier fra Belgien, Frankrig, Italien, Spanien og Polen har udfordret medlemmerne af Europa-Parlamentet (MEP&#039;er) til ikke at matche deres sokker til st\u00f8tte for fejringen af World Down Syndrome Day, hvilket betyder, at mennesker med Downs syndrom kan v\u00e6re forskellige (som vores sokker) men de beriger vores samfund p\u00e5 den smukkeste m\u00e5de.<\/p>\n<p>Denne onlinekampagne forbereder World Down Syndrome Day, der fejres som hvert \u00e5r den 21. marts.<\/p>\n<p>EU for Trisomy 21 har i samarbejde med mange andre ngo&#039;er og MEP&#039;er arrangeret en r\u00e6kke aktiviteter til denne s\u00e6rlige lejlighed i Europa-Parlamentet. Desv\u00e6rre er de aktiviteter, der var planlagt inde i parlamentet til denne fest, blevet afbrudt p\u00e5 grund af instruktionerne p\u00e5 Covid-19.<\/p>\n\t<p>Ikke desto mindre vil den uoverensstemmende sokkekampagne p\u00e5 sociale medier forts\u00e6tte med at starte med lanceringen i dag af videoen af fem personer med Downs syndrom og deres familier, der udfordrer MEP&#039;er til at misforst\u00e5 deres sokker.<\/p>\n<p>Under denne kampagne vil MEP&#039;erne modtage en kort note om behovene for handling fra EU vedr\u00f8rende sundhed, uddannelse, lighed og forskning for at tackle de problemer, som mennesker med Downs syndrom og deres familier st\u00e5r over for.<\/p>\n<p>EU for Trisomy 21 opfordrer dig til at deltage i den uoverensstemmende sokkekampagne ved at sende dit foto eller din video p\u00e5 Twitter, Facebook eller Instagram med hashtags #EUforTrisomy21 #WDSD20 og #WorldDownSyndromeDay.<\/p>\n<p>For mere information: <a href=\"mailto:antonio@eufortrisomy21.eu\">antonio@eufortrisomy21.eu<\/a><\/p>","protected":false},"excerpt":{"rendered":"<p>Mismatched socks challenge Five families from Belgium, France, Italy, Spain and Poland has challenged the Members of the European Parliament&hellip;<\/p>","protected":false},"author":2,"featured_media":0,"parent":14422,"menu_order":0,"comment_status":"closed","ping_status":"closed","template":"","meta":{"_acf_changed":false,"footnotes":""},"class_list":["post-14534","page","type-page","status-publish","hentry"],"acf":[],"_links":{"self":[{"href":"https:\/\/eufortrisomy21.eu\/da\/wp-json\/wp\/v2\/pages\/14534"}],"collection":[{"href":"https:\/\/eufortrisomy21.eu\/da\/wp-json\/wp\/v2\/pages"}],"about":[{"href":"https:\/\/eufortrisomy21.eu\/da\/wp-json\/wp\/v2\/types\/page"}],"author":[{"embeddable":true,"href":"https:\/\/eufortrisomy21.eu\/da\/wp-json\/wp\/v2\/users\/2"}],"replies":[{"embeddable":true,"href":"https:\/\/eufortrisomy21.eu\/da\/wp-json\/wp\/v2\/comments?post=14534"}],"version-history":[{"count":0,"href":"https:\/\/eufortrisomy21.eu\/da\/wp-json\/wp\/v2\/pages\/14534\/revisions"}],"up":[{"embeddable":true,"href":"https:\/\/eufortrisomy21.eu\/da\/wp-json\/wp\/v2\/pages\/14422"}],"wp:attachment":[{"href":"https:\/\/eufortrisomy21.eu\/da\/wp-json\/wp\/v2\/media?parent=14534"}],"curies":[{"name":"wp","href":"https:\/\/api.w.org\/{rel}","templated":true}]}}