{"id":14534,"date":"2020-03-19T20:48:33","date_gmt":"2020-03-19T19:48:33","guid":{"rendered":"https:\/\/eufortrisomy21.eu\/?page_id=14534"},"modified":"2022-02-01T23:47:47","modified_gmt":"2022-02-01T22:47:47","slug":"challenge","status":"publish","type":"page","link":"https:\/\/eufortrisomy21.eu\/es\/21march20\/challenge\/","title":{"rendered":"Desaf\u00edo"},"content":{"rendered":"<h1>\n\t\t\n\t<\/h1>\n<h2>\n\t\tDesaf\u00edo de calcetines mal emparejados\n\t<\/h2>\n\t\t\t\t\t\t<img decoding=\"async\" src=\"https:\/\/i.ytimg.com\/vi\/QZ3elhGVp_Q\/maxresdefault.jpg\"  \/>\n\t<p>Cinco familias de B\u00e9lgica, Francia, Italia, Espa\u00f1a y Polonia han desafiado a los miembros del Parlamento Europeo (MEP) a que no combinen sus calcetines en apoyo de la celebraci\u00f3n del D\u00eda Mundial del S\u00edndrome de Down, lo que significa que las personas con s\u00edndrome de Down pueden ser diferentes (como nuestro calcetines) pero enriquecen nuestra sociedad de la manera m\u00e1s hermosa.<\/p>\n<p>Esta campa\u00f1a online prepara el D\u00eda Mundial del S\u00edndrome de Down que se celebrar\u00e1 como cada a\u00f1o el 21 de marzo.<\/p>\n<p>EU for Trisomy 21, en colaboraci\u00f3n con muchas otras ONG y eurodiputados, ha organizado una serie de actividades para esta ocasi\u00f3n especial en el Parlamento Europeo. Desafortunadamente, las actividades que se planearon dentro del Parlamento para esta celebraci\u00f3n se han cancelado debido a las instrucciones sobre Covid-19.<\/p>\n\t<p>Sin embargo, la campa\u00f1a de redes sociales de calcetines no combinados continuar\u00e1 comenzando con el lanzamiento hoy del video de cinco personas con s\u00edndrome de Down y sus familias desafiando a los eurodiputados a que no combinen sus calcetines.<\/p>\n<p>Durante esta campa\u00f1a, los eurodiputados recibir\u00e1n una breve nota sobre las necesidades de actuaci\u00f3n de la Uni\u00f3n Europea en materia de salud, educaci\u00f3n, igualdad e investigaci\u00f3n para abordar los problemas a los que se enfrentan las personas con s\u00edndrome de Down y sus familias.<\/p>\n<p>EU for Trisomy 21 le invita amablemente a unirse a la campa\u00f1a de calcetines que no coinciden publicando su foto o video en Twitter, Facebook o Instagram con los hashtags #EUforTrisomy21 #WDSD20 y #WorldDownSyndromeDay.<\/p>\n<p>Para m\u00e1s informaci\u00f3n: <a href=\"mailto:antonio@eufortrisomy21.eu\">antonio@eufortrisomy21.eu<\/a><\/p>","protected":false},"excerpt":{"rendered":"<p>Mismatched socks challenge Five families from Belgium, France, Italy, Spain and Poland has challenged the Members of the European Parliament&hellip;<\/p>","protected":false},"author":2,"featured_media":0,"parent":14422,"menu_order":0,"comment_status":"closed","ping_status":"closed","template":"","meta":{"_acf_changed":false,"footnotes":""},"class_list":["post-14534","page","type-page","status-publish","hentry"],"acf":[],"_links":{"self":[{"href":"https:\/\/eufortrisomy21.eu\/es\/wp-json\/wp\/v2\/pages\/14534"}],"collection":[{"href":"https:\/\/eufortrisomy21.eu\/es\/wp-json\/wp\/v2\/pages"}],"about":[{"href":"https:\/\/eufortrisomy21.eu\/es\/wp-json\/wp\/v2\/types\/page"}],"author":[{"embeddable":true,"href":"https:\/\/eufortrisomy21.eu\/es\/wp-json\/wp\/v2\/users\/2"}],"replies":[{"embeddable":true,"href":"https:\/\/eufortrisomy21.eu\/es\/wp-json\/wp\/v2\/comments?post=14534"}],"version-history":[{"count":0,"href":"https:\/\/eufortrisomy21.eu\/es\/wp-json\/wp\/v2\/pages\/14534\/revisions"}],"up":[{"embeddable":true,"href":"https:\/\/eufortrisomy21.eu\/es\/wp-json\/wp\/v2\/pages\/14422"}],"wp:attachment":[{"href":"https:\/\/eufortrisomy21.eu\/es\/wp-json\/wp\/v2\/media?parent=14534"}],"curies":[{"name":"wp","href":"https:\/\/api.w.org\/{rel}","templated":true}]}}