{"id":14534,"date":"2020-03-19T20:48:33","date_gmt":"2020-03-19T19:48:33","guid":{"rendered":"https:\/\/eufortrisomy21.eu\/?page_id=14534"},"modified":"2022-02-01T23:47:47","modified_gmt":"2022-02-01T22:47:47","slug":"challenge","status":"publish","type":"page","link":"https:\/\/eufortrisomy21.eu\/fr\/21march20\/challenge\/","title":{"rendered":"D\u00e9fi"},"content":{"rendered":"<h1>\n\t\t\n\t<\/h1>\n<h2>\n\t\tD\u00e9fi chaussettes d\u00e9pareill\u00e9es\n\t<\/h2>\n\t\t\t\t\t\t<img decoding=\"async\" src=\"https:\/\/i.ytimg.com\/vi\/QZ3elhGVp_Q\/maxresdefault.jpg\"  \/>\n\t<p>Cinq familles de Belgique, de France, d&#039;Italie, d&#039;Espagne et de Pologne ont mis au d\u00e9fi les membres du Parlement europ\u00e9en (eurod\u00e9put\u00e9s) de ne pas assortir leurs chaussettes pour soutenir la c\u00e9l\u00e9bration de la Journ\u00e9e mondiale de la trisomie 21, ce qui signifie que les personnes atteintes de trisomie chaussettes) mais ils enrichissent notre soci\u00e9t\u00e9 de la plus belle des mani\u00e8res.<\/p>\n<p>Cette campagne en ligne pr\u00e9pare la Journ\u00e9e mondiale de la trisomie 21 qui sera c\u00e9l\u00e9br\u00e9e comme chaque ann\u00e9e le 21 mars.<\/p>\n<p>EU for Trisomy 21, en collaboration avec de nombreuses autres ONG et d\u00e9put\u00e9s europ\u00e9ens, a organis\u00e9 une s\u00e9rie d&#039;activit\u00e9s pour cette occasion sp\u00e9ciale au Parlement europ\u00e9en. Malheureusement, les activit\u00e9s pr\u00e9vues au sein du Parlement pour cette c\u00e9l\u00e9bration ont \u00e9t\u00e9 annul\u00e9es en raison des instructions sur Covid-19.<\/p>\n\t<p>N\u00e9anmoins, la campagne sur les r\u00e9seaux sociaux sur les chaussettes d\u00e9pareill\u00e9es se poursuivra en commen\u00e7ant aujourd&#039;hui par le lancement de la vid\u00e9o de cinq personnes atteintes du syndrome de Down et de leurs familles mettant au d\u00e9fi les d\u00e9put\u00e9s europ\u00e9ens de ne pas assortir leurs chaussettes.<\/p>\n<p>Au cours de cette campagne, les d\u00e9put\u00e9s recevront une br\u00e8ve note sur les besoins d&#039;action de l&#039;Union europ\u00e9enne en mati\u00e8re de sant\u00e9, d&#039;\u00e9ducation, d&#039;\u00e9galit\u00e9 et de recherche pour s&#039;attaquer aux probl\u00e8mes rencontr\u00e9s par les personnes atteintes du syndrome de Down et leurs familles.<\/p>\n<p>EU for Trisomy 21 vous invite aimablement \u00e0 rejoindre la campagne de chaussettes d\u00e9pareill\u00e9es en publiant votre photo ou vid\u00e9o sur Twitter, Facebook ou Instagram avec les hashtags #EUforTrisomy21 #WDSD20 et #WorldDownSyndromeDay.<\/p>\n<p>Pour plus d&#039;informations: <a href=\"mailto:antonio@eufortrisomy21.eu\">antonio@eufortrisomy21.eu<\/a><\/p>","protected":false},"excerpt":{"rendered":"<p>Mismatched socks challenge Five families from Belgium, France, Italy, Spain and Poland has challenged the Members of the European Parliament&hellip;<\/p>","protected":false},"author":2,"featured_media":0,"parent":14422,"menu_order":0,"comment_status":"closed","ping_status":"closed","template":"","meta":{"_acf_changed":false,"footnotes":""},"class_list":["post-14534","page","type-page","status-publish","hentry"],"acf":[],"_links":{"self":[{"href":"https:\/\/eufortrisomy21.eu\/fr\/wp-json\/wp\/v2\/pages\/14534"}],"collection":[{"href":"https:\/\/eufortrisomy21.eu\/fr\/wp-json\/wp\/v2\/pages"}],"about":[{"href":"https:\/\/eufortrisomy21.eu\/fr\/wp-json\/wp\/v2\/types\/page"}],"author":[{"embeddable":true,"href":"https:\/\/eufortrisomy21.eu\/fr\/wp-json\/wp\/v2\/users\/2"}],"replies":[{"embeddable":true,"href":"https:\/\/eufortrisomy21.eu\/fr\/wp-json\/wp\/v2\/comments?post=14534"}],"version-history":[{"count":0,"href":"https:\/\/eufortrisomy21.eu\/fr\/wp-json\/wp\/v2\/pages\/14534\/revisions"}],"up":[{"embeddable":true,"href":"https:\/\/eufortrisomy21.eu\/fr\/wp-json\/wp\/v2\/pages\/14422"}],"wp:attachment":[{"href":"https:\/\/eufortrisomy21.eu\/fr\/wp-json\/wp\/v2\/media?parent=14534"}],"curies":[{"name":"wp","href":"https:\/\/api.w.org\/{rel}","templated":true}]}}