{"id":5075,"date":"2019-10-02T14:20:00","date_gmt":"2019-10-02T12:20:00","guid":{"rendered":"https:\/\/stopdiscriminatingdown.com\/?page_id=5075"},"modified":"2022-06-03T12:25:59","modified_gmt":"2022-06-03T10:25:59","slug":"legals","status":"publish","type":"page","link":"https:\/\/eufortrisomy21.eu\/fr\/legals\/","title":{"rendered":"Mention l\u00e9gale"},"content":{"rendered":"<h1>\n\t\t\n\t<\/h1>\n\t<h3>\u00c9diteur<\/h3>\n<p>In accordance with the provisions of Article 6 III-1 of Law No. 2004-575 of June 21, 2004 for confidence in the digital economy, Antonio Rosique, within the framework of the &#8220;EU for Trisomy 21&#8221; label, informs you of the following elements:<\/p>\n<p>Nom de l&#039;association : EU for Trisomy 21<\/p>\n<p>Directeur de la publication : Antonio Rosique<\/p>\n<p>ARN: W783005530<\/p>\n<p>Address: 13, Clos des Pervenches 1300 &#8211; Limal (Belgium)<\/p>\n<p>&nbsp;<\/p>\n<h3>H\u00e9bergement<\/h3>\n<p>OVH<\/p>\n<p>SAS au capital de 10069020 \u20ac<\/p>\n<p>RCS Lille M\u00e9tropole 424.761 419.00045<\/p>\n<p>Le code APE 2620Z<\/p>\n<p>NUM\u00c9RO DE TVA: FR 22424761419<\/p>\n<p>Head office : 2 rue Kellermann &#8211; 59100 Roubaix &#8211; France<\/p>\n<p>&nbsp;<\/p>\n<h3>Propri\u00e9t\u00e9 intellectuelle et droit d&#039;utilisation<\/h3>\n<p>The site as well as its content, including texts and graphic, photographic and video elements, are the property of EU for Trisomy 21, within the framework of the &#8220;<em>UE pour la trisomie 21<\/em>&#8221; label or used by EU for Trisomy 21 within the framework of the &#8220;<em>UE pour la trisomie 21<\/em>&#8221; label with the agreement of the rights holders. No reproduction or use of all or part of the site without the prior written authorization of EU for Trisomy 21 is authorized.<\/p>\n<p>Photographies: tous droits r\u00e9serv\u00e9s<\/p>\n<p>&nbsp;<\/p>\n<h3>Gestion des donn\u00e9es personnelles<\/h3>\n<p>Veuillez consulter la page d\u00e9di\u00e9e \u00e0 notre politique de gestion des donn\u00e9es personnelles.<\/p>","protected":false},"excerpt":{"rendered":"<p>Publisher In accordance with the provisions of Article 6 III-1 of Law No. 2004-575 of June 21, 2004 for confidence&hellip;<\/p>","protected":false},"author":2,"featured_media":0,"parent":0,"menu_order":0,"comment_status":"closed","ping_status":"closed","template":"","meta":{"_acf_changed":false,"footnotes":""},"class_list":["post-5075","page","type-page","status-publish","hentry"],"acf":[],"_links":{"self":[{"href":"https:\/\/eufortrisomy21.eu\/fr\/wp-json\/wp\/v2\/pages\/5075"}],"collection":[{"href":"https:\/\/eufortrisomy21.eu\/fr\/wp-json\/wp\/v2\/pages"}],"about":[{"href":"https:\/\/eufortrisomy21.eu\/fr\/wp-json\/wp\/v2\/types\/page"}],"author":[{"embeddable":true,"href":"https:\/\/eufortrisomy21.eu\/fr\/wp-json\/wp\/v2\/users\/2"}],"replies":[{"embeddable":true,"href":"https:\/\/eufortrisomy21.eu\/fr\/wp-json\/wp\/v2\/comments?post=5075"}],"version-history":[{"count":0,"href":"https:\/\/eufortrisomy21.eu\/fr\/wp-json\/wp\/v2\/pages\/5075\/revisions"}],"wp:attachment":[{"href":"https:\/\/eufortrisomy21.eu\/fr\/wp-json\/wp\/v2\/media?parent=5075"}],"curies":[{"name":"wp","href":"https:\/\/api.w.org\/{rel}","templated":true}]}}