{"id":14534,"date":"2020-03-19T20:48:33","date_gmt":"2020-03-19T19:48:33","guid":{"rendered":"https:\/\/eufortrisomy21.eu\/?page_id=14534"},"modified":"2022-02-01T23:47:47","modified_gmt":"2022-02-01T22:47:47","slug":"challenge","status":"publish","type":"page","link":"https:\/\/eufortrisomy21.eu\/hr\/21march20\/challenge\/","title":{"rendered":"Izazov"},"content":{"rendered":"<h1>\n\t\t\n\t<\/h1>\n<h2>\n\t\tIzazov neuskla\u0111enih \u010darapa\n\t<\/h2>\n\t\t\t\t\t\t<img decoding=\"async\" src=\"https:\/\/i.ytimg.com\/vi\/QZ3elhGVp_Q\/maxresdefault.jpg\"  \/>\n\t<p>Pet obitelji iz Belgije, Francuske, Italije, \u0160panjolske i Poljske izazvalo je \u010dlanove Europskog parlamenta da ne podudaraju \u010darape u znak podr\u0161ke proslavi Svjetskog dana sindroma Down, \u0161to zna\u010di da ljudi s Downovim sindromom mogu biti razli\u010diti (kao \u0161to je na\u0161a \u010darape), ali na najljep\u0161i na\u010din oboga\u0107uju na\u0161e dru\u0161tvo.<\/p>\n<p>Ova internetska kampanja priprema Svjetski dan sindroma Down koji \u0107e se obilje\u017eavati kao i svake godine 21. o\u017eujka.<\/p>\n<p>EU za Trisomiju 21, u suradnji s mnogim drugim nevladinim organizacijama i zastupnicima u Europskom parlamentu, organizirao je niz aktivnosti za ovu posebnu prigodu u Europskom parlamentu. Na\u017ealost, aktivnosti koje su bile planirane unutar parlamenta za ovu proslavu prekinute su zbog uputa na Covid-19.<\/p>\n\t<p>Unato\u010d tome, neuskla\u0111ena \u010darapa na dru\u0161tvenim mre\u017eama nastavit \u0107e se s dana\u0161njim lansiranjem videozapisa pet osoba s Downovim sindromom i njihovih obitelji koje izazivaju europarlamentarce da ne usklade \u010darape.<\/p>\n<p>Tijekom ove kampanje, europarlamentarci \u0107e dobiti kratku bilje\u0161ku o potrebama djelovanja Europske unije na zdravstvu, obrazovanju, jednakosti i istra\u017eivanjima kako bi se rije\u0161ili problemi s kojima se susre\u0107u ljudi s Downovim sindromom i njihove obitelji.<\/p>\n<p>EU za Trisomiju 21 ljubazno vas poziva da se pridru\u017eite kampanji s neuskla\u0111enim \u010darapama objavljivanjem svoje fotografije ili videozapisa na Twitteru, Facebooku ili Instagramu s hashtagovima #EUforTrisomy21 #WDSD20 i #WorldDownSyndromeDay.<\/p>\n<p>Za vi\u0161e informacija: <a href=\"mailto:antonio@eufortrisomy21.eu\">antonio@eufortrisomy21.eu<\/a><\/p>","protected":false},"excerpt":{"rendered":"<p>Mismatched socks challenge Five families from Belgium, France, Italy, Spain and Poland has challenged the Members of the European Parliament&hellip;<\/p>","protected":false},"author":2,"featured_media":0,"parent":14422,"menu_order":0,"comment_status":"closed","ping_status":"closed","template":"","meta":{"_acf_changed":false,"footnotes":""},"class_list":["post-14534","page","type-page","status-publish","hentry"],"acf":[],"_links":{"self":[{"href":"https:\/\/eufortrisomy21.eu\/hr\/wp-json\/wp\/v2\/pages\/14534"}],"collection":[{"href":"https:\/\/eufortrisomy21.eu\/hr\/wp-json\/wp\/v2\/pages"}],"about":[{"href":"https:\/\/eufortrisomy21.eu\/hr\/wp-json\/wp\/v2\/types\/page"}],"author":[{"embeddable":true,"href":"https:\/\/eufortrisomy21.eu\/hr\/wp-json\/wp\/v2\/users\/2"}],"replies":[{"embeddable":true,"href":"https:\/\/eufortrisomy21.eu\/hr\/wp-json\/wp\/v2\/comments?post=14534"}],"version-history":[{"count":0,"href":"https:\/\/eufortrisomy21.eu\/hr\/wp-json\/wp\/v2\/pages\/14534\/revisions"}],"up":[{"embeddable":true,"href":"https:\/\/eufortrisomy21.eu\/hr\/wp-json\/wp\/v2\/pages\/14422"}],"wp:attachment":[{"href":"https:\/\/eufortrisomy21.eu\/hr\/wp-json\/wp\/v2\/media?parent=14534"}],"curies":[{"name":"wp","href":"https:\/\/api.w.org\/{rel}","templated":true}]}}