{"id":14422,"date":"2020-02-05T18:29:41","date_gmt":"2020-02-05T17:29:41","guid":{"rendered":"https:\/\/eufortrisomy21.eu\/?page_id=14422"},"modified":"2022-02-01T23:58:37","modified_gmt":"2022-02-01T22:58:37","slug":"21march20","status":"publish","type":"page","link":"https:\/\/eufortrisomy21.eu\/hu\/21march20\/","title":{"rendered":"2020. m\u00e1rcius 21"},"content":{"rendered":"<h1>\n\t\t\n\t<\/h1>\n<h2>\n\t\tM\u00e1rcius 21-\u00e9n, az eg\u00e9szs\u00e9g\u00fcgyi v\u00e1ls\u00e1g k\u00f6zepette is \u00fcnnepelhetj\u00fck a Down-szindr\u00f3ma vil\u00e1gnapj\u00e1t eur\u00f3pai parlamenti k\u00e9pvisel\u0151kkel \u00e9s kutat\u00f3kkal\n\t<\/h2>\n\t<p>A Down-szindr\u00f3ma vil\u00e1gnapja alkalm\u00e1b\u00f3l m\u00e1rcius 21-\u00e9n<sup>utca<\/sup>, sz\u00e1mos rendezv\u00e9nyt terveztek az Eur\u00f3pai Parlamentben, amelyeket a Covid-19 eg\u00e9szs\u00e9g\u00fcgyi v\u00e1ls\u00e1g miatt t\u00f6r\u00f6ltek.<\/p>\n<p>Mindazon\u00e1ltal, <strong>t\u00f6bb mint 100 eur\u00f3pai parlamenti k\u00e9pvisel\u0151<\/strong> (MEPs) &#8211; willing to honour persons with Down syndrome on this special day &#8211; <strong>nyilatkozatot \u00edrtak al\u00e1<\/strong> meger\u0151s\u00edtve Down-szindr\u00f3m\u00e1s szeretteink m\u00e9lt\u00f3s\u00e1g\u00e1t \u00e9s elidegen\u00edthetetlen jogait. Minden k\u00e9pvisel\u0151csoport k\u00e9pviselteti mag\u00e1t (GUE, S&amp;D, Z\u00f6ldek, Renew, EPP, ECR, ID \u00e9s NA).<\/p>\n<p><strong>eur\u00f3pai kutat\u00f3k<\/strong>, who were invited by MEPs to publicly present their works in the European Parliament, have written &#8211; alongside with other experts &#8211; <strong>egy op-ed<\/strong>:<\/p>\n<strong>&#8220;Looking for Down syndrome treatment:<br \/>\nan inspiring scientific project which deserves EU&#8217;s political will&#8221;<\/strong>\n<p>A Down-szindr\u00f3ma vil\u00e1gnapja alkalm\u00e1b\u00f3l megjelenik az eur\u00f3pai lapokban. Ez a cikk \u00f6sszefoglalja a ter\u00e1pi\u00e1s kutat\u00e1s c\u00e9ljait \u00e9s \u00e1tt\u00f6r\u00e9seit: a fogyat\u00e9koss\u00e1g cs\u00f6kkent\u00e9s\u00e9t, valamint a Down-szindr\u00f3m\u00e1s betegek \u00e9letmin\u0151s\u00e9g\u00e9nek \u00e9s \u00f6n\u00e1ll\u00f3s\u00e1g\u00e1nak jav\u00edt\u00e1s\u00e1t. A tudom\u00e1nyos \u00e1tt\u00f6r\u00e9sekkel kapcsolatos tov\u00e1bbi inform\u00e1ci\u00f3k\u00e9rt h\u00e1rom absztrakt tal\u00e1lhat\u00f3 mell\u00e9kelve.<\/p>\n<p>Let&#8217;s follow <em>Eur\u00f3pa a Trisz\u00f3mi\u00e1\u00e9rt 21<\/em> a k\u00f6z\u00f6ss\u00e9gi m\u00e9di\u00e1ban.<\/p>\n\t\t\t<a href=\"https:\/\/eufortrisomy21.eu\/hu\/21march20\/declaration\/\" target=\"_self\" role=\"button\" rel=\"noopener\">\n\t\t\t\t\t\t\tNYILATKOZAT \u00e9s az EP-k\u00e9pvisel\u0151k al\u00e1\u00edr\u00f3i\n\t\t\t\t\t<\/a>\n\t\t\t<a href=\"https:\/\/eufortrisomy21.eu\/hu\/21march20\/challenge\/\" target=\"_self\" role=\"button\" rel=\"noopener\">\n\t\t\t\t\t\t\tNem megfelel\u0151 zokni kih\u00edv\u00e1s\n\t\t\t\t\t<\/a>\n\t\t\t<a href=\"https:\/\/eufortrisomy21.eu\/hu\/21march20\/research\/\" target=\"_self\" role=\"button\" rel=\"noopener\">\n\t\t\t\t\t\t\tKutat\u00e1s\n\t\t\t\t\t<\/a>","protected":false},"excerpt":{"rendered":"<p>On March 21, even in the midst of the health crisis, we can honour World Down Syndrome Day with Members&hellip;<\/p>","protected":false},"author":2,"featured_media":0,"parent":0,"menu_order":10,"comment_status":"closed","ping_status":"closed","template":"","meta":{"_acf_changed":false,"footnotes":""},"class_list":["post-14422","page","type-page","status-publish","hentry"],"acf":[],"_links":{"self":[{"href":"https:\/\/eufortrisomy21.eu\/hu\/wp-json\/wp\/v2\/pages\/14422"}],"collection":[{"href":"https:\/\/eufortrisomy21.eu\/hu\/wp-json\/wp\/v2\/pages"}],"about":[{"href":"https:\/\/eufortrisomy21.eu\/hu\/wp-json\/wp\/v2\/types\/page"}],"author":[{"embeddable":true,"href":"https:\/\/eufortrisomy21.eu\/hu\/wp-json\/wp\/v2\/users\/2"}],"replies":[{"embeddable":true,"href":"https:\/\/eufortrisomy21.eu\/hu\/wp-json\/wp\/v2\/comments?post=14422"}],"version-history":[{"count":0,"href":"https:\/\/eufortrisomy21.eu\/hu\/wp-json\/wp\/v2\/pages\/14422\/revisions"}],"wp:attachment":[{"href":"https:\/\/eufortrisomy21.eu\/hu\/wp-json\/wp\/v2\/media?parent=14422"}],"curies":[{"name":"wp","href":"https:\/\/api.w.org\/{rel}","templated":true}]}}