{"id":14534,"date":"2020-03-19T20:48:33","date_gmt":"2020-03-19T19:48:33","guid":{"rendered":"https:\/\/eufortrisomy21.eu\/?page_id=14534"},"modified":"2022-02-01T23:47:47","modified_gmt":"2022-02-01T22:47:47","slug":"challenge","status":"publish","type":"page","link":"https:\/\/eufortrisomy21.eu\/hu\/21march20\/challenge\/","title":{"rendered":"Kih\u00edv\u00e1s"},"content":{"rendered":"<h1>\n\t\t\n\t<\/h1>\n<h2>\n\t\tNem megfelel\u0151 zokni kih\u00edv\u00e1s\n\t<\/h2>\n\t\t\t\t\t\t<img decoding=\"async\" src=\"https:\/\/i.ytimg.com\/vi\/QZ3elhGVp_Q\/maxresdefault.jpg\"  \/>\n\t<p>\u00d6t belga, francia, olasz, spanyol \u00e9s lengyel csal\u00e1d k\u00e9rte az Eur\u00f3pai Parlament k\u00e9pvisel\u0151it, hogy tegy\u00e9k \u00f6ssze a zoknikat, t\u00e1mogatva a Down-szindr\u00f3ma vil\u00e1gnapj\u00e1nak meg\u00fcnnepl\u00e9s\u00e9t, ami azt jelenti, hogy a Down-szindr\u00f3m\u00e1s emberek elt\u00e9r\u0151ek lehetnek zokni), de a legszebb m\u00f3don gazdag\u00edtj\u00e1k t\u00e1rsadalmunkat.<\/p>\n<p>Ez az online kamp\u00e1ny el\u0151k\u00e9sz\u00edti a Down-szindr\u00f3ma napj\u00e1t, amelyet minden \u00e9vben, m\u00e1rcius 21-\u00e9n \u00fcnnepelnek.<\/p>\n<p>Az EU a 21. trisz\u00f3mi\u00e1\u00e9rt, sz\u00e1mos m\u00e1s nem korm\u00e1nyzati szervezettel \u00e9s EP-k\u00e9pvisel\u0151vel egy\u00fcttm\u0171k\u00f6dve sz\u00e1mos tev\u00e9kenys\u00e9get szervezett erre a k\u00fcl\u00f6nleges alkalomra az Eur\u00f3pai Parlamentben. Sajnos a Covid-19-re vonatkoz\u00f3 utas\u00edt\u00e1sok miatt megszak\u00edtott\u00e1k azokat a tev\u00e9kenys\u00e9geket, amelyeket a Parlamenten bel\u00fcl terveztek erre az \u00fcnnepl\u00e9sre.<\/p>\n\t<p>Mindazon\u00e1ltal a nem megfelel\u0151 zokni k\u00f6z\u00f6ss\u00e9gi m\u00e9dia kamp\u00e1ny folytat\u00f3dik azzal a nappal, amikor ma elind\u00edtj\u00e1k azt a vide\u00f3t, amelyben \u00f6t Down-szindr\u00f3m\u00e1s szem\u00e9ly \u00e9s csal\u00e1djuk h\u00edvja fel az EP-k\u00e9pvisel\u0151ket zoknijuk \u00f6ssze nem illeszt\u00e9s\u00e9re.<\/p>\n<p>A kamp\u00e1ny sor\u00e1n az EP-k\u00e9pvisel\u0151k r\u00f6vid feljegyz\u00e9st kapnak az Eur\u00f3pai Uni\u00f3 fell\u00e9p\u00e9seinek sz\u00fcks\u00e9gess\u00e9g\u00e9r\u0151l az eg\u00e9szs\u00e9g\u00fcgy, az oktat\u00e1s, az egyenl\u0151s\u00e9g \u00e9s a kutat\u00e1s ter\u00e9n a Down-szindr\u00f3m\u00e1s emberek \u00e9s csal\u00e1djaik probl\u00e9m\u00e1inak kezel\u00e9se \u00e9rdek\u00e9ben.<\/p>\n<p>Az EU a 21. trisz\u00f3mi\u00e1\u00e9rt kedvesen megh\u00edvja \u00d6nt, hogy csatlakozzon a nem megfelel\u0151 zokni kamp\u00e1nyhoz az\u00e1ltal, hogy fot\u00f3j\u00e1t vagy vide\u00f3j\u00e1t k\u00f6zz\u00e9teszi a Twitteren, a Facebookon vagy az Instagramon az #EUforTrisomy21 #WDSD20 \u00e9s #WorldDownSyndromeDay hashtagekkel.<\/p>\n<p>Tov\u00e1bbi inform\u00e1ci\u00f3\u00e9rt: <a href=\"mailto:antonio@eufortrisomy21.eu\">antonio@eufortrisomy21.eu<\/a><\/p>","protected":false},"excerpt":{"rendered":"<p>Mismatched socks challenge Five families from Belgium, France, Italy, Spain and Poland has challenged the Members of the European Parliament&hellip;<\/p>","protected":false},"author":2,"featured_media":0,"parent":14422,"menu_order":0,"comment_status":"closed","ping_status":"closed","template":"","meta":{"_acf_changed":false,"footnotes":""},"class_list":["post-14534","page","type-page","status-publish","hentry"],"acf":[],"_links":{"self":[{"href":"https:\/\/eufortrisomy21.eu\/hu\/wp-json\/wp\/v2\/pages\/14534"}],"collection":[{"href":"https:\/\/eufortrisomy21.eu\/hu\/wp-json\/wp\/v2\/pages"}],"about":[{"href":"https:\/\/eufortrisomy21.eu\/hu\/wp-json\/wp\/v2\/types\/page"}],"author":[{"embeddable":true,"href":"https:\/\/eufortrisomy21.eu\/hu\/wp-json\/wp\/v2\/users\/2"}],"replies":[{"embeddable":true,"href":"https:\/\/eufortrisomy21.eu\/hu\/wp-json\/wp\/v2\/comments?post=14534"}],"version-history":[{"count":0,"href":"https:\/\/eufortrisomy21.eu\/hu\/wp-json\/wp\/v2\/pages\/14534\/revisions"}],"up":[{"embeddable":true,"href":"https:\/\/eufortrisomy21.eu\/hu\/wp-json\/wp\/v2\/pages\/14422"}],"wp:attachment":[{"href":"https:\/\/eufortrisomy21.eu\/hu\/wp-json\/wp\/v2\/media?parent=14534"}],"curies":[{"name":"wp","href":"https:\/\/api.w.org\/{rel}","templated":true}]}}