{"id":14534,"date":"2020-03-19T20:48:33","date_gmt":"2020-03-19T19:48:33","guid":{"rendered":"https:\/\/eufortrisomy21.eu\/?page_id=14534"},"modified":"2022-02-01T23:47:47","modified_gmt":"2022-02-01T22:47:47","slug":"challenge","status":"publish","type":"page","link":"https:\/\/eufortrisomy21.eu\/lt\/21march20\/challenge\/","title":{"rendered":"I\u0161\u0161\u016bkis"},"content":{"rendered":"<h1>\n\t\t\n\t<\/h1>\n<h2>\n\t\tNeatitinkan\u010di\u0173 kojini\u0173 i\u0161\u0161\u016bkis\n\t<\/h2>\n\t\t\t\t\t\t<img decoding=\"async\" src=\"https:\/\/i.ytimg.com\/vi\/QZ3elhGVp_Q\/maxresdefault.jpg\"  \/>\n\t<p>Penkios \u0161eimos i\u0161 Belgijos, Pranc\u016bzijos, Italijos, Ispanijos ir Lenkijos u\u017egin\u010dijo Europos Parlamento narius, kad jie neatitikt\u0173 savo kojini\u0173, palaikydami Pasaulin\u0117s Dauno sindromo dienos min\u0117jim\u0105, o tai rei\u0161kia, kad Dauno sindrom\u0105 turintys \u017emon\u0117s gali b\u016bti skirtingi (kaip m\u016bs\u0173 kojin\u0117s), ta\u010diau jie praturtina m\u016bs\u0173 visuomen\u0119 gra\u017eiausiu b\u016bdu.<\/p>\n<p>\u0160i internetin\u0117 kampanija rengia Pasaulin\u0119 Dauno sindromo dien\u0105, kuri bus \u0161ven\u010diama kaip ir kiekvienais metais kovo 21 d.<\/p>\n<p>\u201eEU for Trisomy 21\u201c, bendradarbiaudama su daugeliu kit\u0173 nevyriausybini\u0173 organizacij\u0173 ir Europos Parlamento nari\u0173, sureng\u0117 kelet\u0105 veikl\u0173 \u0161iai ypatingai progai Europos Parlamente. Deja, veikla, kuri buvo suplanuota Parlamente \u0161iai \u0161ventei, buvo nutraukta d\u0117l instrukcij\u0173 \u201eCovid-19\u201c.<\/p>\n\t<p>Nepaisant to, nesuderinta kojini\u0173 socialin\u0117s \u017einiasklaidos kampanija bus t\u0119siama nuo \u0161iandien pradedant vaizdo \u012fra\u0161\u0105 su penkiais Dauno sindrom\u0105 turin\u010diais asmenimis ir j\u0173 \u0161eimomis, raginan\u010diais EP narius nesutapti kojini\u0173.<\/p>\n<p>\u0160ios kampanijos metu EP nariai gaus trump\u0105 u\u017era\u0161\u0105 apie Europos S\u0105jungos veiksm\u0173 sveikatos, \u0161vietimo, lygyb\u0117s ir mokslini\u0173 tyrim\u0173 srityje klausimus, susijusius su Dauno sindrom\u0105 turin\u010di\u0173 \u017emoni\u0173 ir j\u0173 \u0161eim\u0173 problemomis.<\/p>\n<p>\u201eEU for Trisomy 21\u201c maloniai kvie\u010dia prisijungti prie netinkam\u0173 kojini\u0173 kampanijos paskelbiant nuotrauk\u0105 ar vaizdo \u012fra\u0161\u0105 \u201eTwitter\u201c, \u201eFacebook\u201c ar \u201eInstagram\u201c su grota\u017eym\u0117mis #EUforTrisomy21 #WDSD20 ir #WorldDownSyndromeDay.<\/p>\n<p>Daugiau informacijos: <a href=\"mailto:antonio@eufortrisomy21.eu\">antonio@eufortrisomy21.eu<\/a><\/p>","protected":false},"excerpt":{"rendered":"<p>Mismatched socks challenge Five families from Belgium, France, Italy, Spain and Poland has challenged the Members of the European Parliament&hellip;<\/p>","protected":false},"author":2,"featured_media":0,"parent":14422,"menu_order":0,"comment_status":"closed","ping_status":"closed","template":"","meta":{"_acf_changed":false,"footnotes":""},"class_list":["post-14534","page","type-page","status-publish","hentry"],"acf":[],"_links":{"self":[{"href":"https:\/\/eufortrisomy21.eu\/lt\/wp-json\/wp\/v2\/pages\/14534"}],"collection":[{"href":"https:\/\/eufortrisomy21.eu\/lt\/wp-json\/wp\/v2\/pages"}],"about":[{"href":"https:\/\/eufortrisomy21.eu\/lt\/wp-json\/wp\/v2\/types\/page"}],"author":[{"embeddable":true,"href":"https:\/\/eufortrisomy21.eu\/lt\/wp-json\/wp\/v2\/users\/2"}],"replies":[{"embeddable":true,"href":"https:\/\/eufortrisomy21.eu\/lt\/wp-json\/wp\/v2\/comments?post=14534"}],"version-history":[{"count":0,"href":"https:\/\/eufortrisomy21.eu\/lt\/wp-json\/wp\/v2\/pages\/14534\/revisions"}],"up":[{"embeddable":true,"href":"https:\/\/eufortrisomy21.eu\/lt\/wp-json\/wp\/v2\/pages\/14422"}],"wp:attachment":[{"href":"https:\/\/eufortrisomy21.eu\/lt\/wp-json\/wp\/v2\/media?parent=14534"}],"curies":[{"name":"wp","href":"https:\/\/api.w.org\/{rel}","templated":true}]}}