{"id":14534,"date":"2020-03-19T20:48:33","date_gmt":"2020-03-19T19:48:33","guid":{"rendered":"https:\/\/eufortrisomy21.eu\/?page_id=14534"},"modified":"2022-02-01T23:47:47","modified_gmt":"2022-02-01T22:47:47","slug":"challenge","status":"publish","type":"page","link":"https:\/\/eufortrisomy21.eu\/pl\/21march20\/challenge\/","title":{"rendered":"Wyzwanie"},"content":{"rendered":"<h1>\n\t\t\n\t<\/h1>\n<h2>\n\t\tWyzwanie dla niedopasowanych skarpet\n\t<\/h2>\n\t\t\t\t\t\t<img decoding=\"async\" src=\"https:\/\/i.ytimg.com\/vi\/QZ3elhGVp_Q\/maxresdefault.jpg\"  \/>\n\t<p>Pi\u0119\u0107 rodzin z Belgii, Francji, W\u0142och, Hiszpanii i Polski wezwa\u0142o pos\u0142\u00f3w do Parlamentu Europejskiego (eurodeputowanych) do niedopasowania skarpet w ramach obchod\u00f3w \u015awiatowego Dnia Zespo\u0142u Downa, co oznacza, \u017ce osoby z zespo\u0142em Downa mog\u0105 by\u0107 inne (poniewa\u017c skarpetki), ale najpi\u0119kniej wzbogacaj\u0105 nasze spo\u0142ecze\u0144stwo.<\/p>\n<p>Ta internetowa kampania przygotowuje \u015awiatowy Dzie\u0144 Zespo\u0142u Downa, kt\u00f3ry b\u0119dzie obchodzony jak co roku 21 marca.<\/p>\n<p>EU for Trisomy 21, we wsp\u00f3\u0142pracy z wieloma innymi organizacjami pozarz\u0105dowymi i pos\u0142ami do Parlamentu Europejskiego, zorganizowa\u0142 w Parlamencie Europejskim szereg dzia\u0142a\u0144 na t\u0119 wyj\u0105tkow\u0105 okazj\u0119. Niestety, dzia\u0142ania zaplanowane w Parlamencie na t\u0119 uroczysto\u015b\u0107 zosta\u0142y odwo\u0142ane z powodu instrukcji dotycz\u0105cych Covid-19.<\/p>\n\t<p>Niemniej jednak, kampania w mediach spo\u0142eczno\u015bciowych dotycz\u0105ca niedopasowanych skarpetek b\u0119dzie kontynuowana od opublikowania dzisiaj filmu przedstawiaj\u0105cego pi\u0119\u0107 os\u00f3b z zespo\u0142em Downa i ich rodzin, wzywaj\u0105cych pos\u0142\u00f3w do Parlamentu Europejskiego, aby niedopasowali skarpetki.<\/p>\n<p>Podczas tej kampanii pos\u0142owie do Parlamentu Europejskiego otrzymaj\u0105 kr\u00f3tk\u0105 notatk\u0119 na temat potrzeb dzia\u0142a\u0144 Unii Europejskiej w zakresie zdrowia, edukacji, r\u00f3wno\u015bci i bada\u0144 w celu rozwi\u0105zania problem\u00f3w, z kt\u00f3rymi borykaj\u0105 si\u0119 osoby z zespo\u0142em Downa i ich rodziny.<\/p>\n<p>EU for Trisomy 21 serdecznie zaprasza do udzia\u0142u w kampanii dotycz\u0105cej niedopasowanych skarpet, zamieszczaj\u0105c swoje zdj\u0119cie lub film na Twitterze, Facebooku lub Instagramie z hashtagami #EUforTrisomy21 #WDSD20 i #WorldDownSyndromeDay.<\/p>\n<p>Po wi\u0119cej informacji: <a href=\"mailto:antonio@eufortrisomy21.eu\">antonio@eufortrisomy21.eu<\/a><\/p>","protected":false},"excerpt":{"rendered":"<p>Mismatched socks challenge Five families from Belgium, France, Italy, Spain and Poland has challenged the Members of the European Parliament&hellip;<\/p>","protected":false},"author":2,"featured_media":0,"parent":14422,"menu_order":0,"comment_status":"closed","ping_status":"closed","template":"","meta":{"_acf_changed":false,"footnotes":""},"class_list":["post-14534","page","type-page","status-publish","hentry"],"acf":[],"_links":{"self":[{"href":"https:\/\/eufortrisomy21.eu\/pl\/wp-json\/wp\/v2\/pages\/14534"}],"collection":[{"href":"https:\/\/eufortrisomy21.eu\/pl\/wp-json\/wp\/v2\/pages"}],"about":[{"href":"https:\/\/eufortrisomy21.eu\/pl\/wp-json\/wp\/v2\/types\/page"}],"author":[{"embeddable":true,"href":"https:\/\/eufortrisomy21.eu\/pl\/wp-json\/wp\/v2\/users\/2"}],"replies":[{"embeddable":true,"href":"https:\/\/eufortrisomy21.eu\/pl\/wp-json\/wp\/v2\/comments?post=14534"}],"version-history":[{"count":0,"href":"https:\/\/eufortrisomy21.eu\/pl\/wp-json\/wp\/v2\/pages\/14534\/revisions"}],"up":[{"embeddable":true,"href":"https:\/\/eufortrisomy21.eu\/pl\/wp-json\/wp\/v2\/pages\/14422"}],"wp:attachment":[{"href":"https:\/\/eufortrisomy21.eu\/pl\/wp-json\/wp\/v2\/media?parent=14534"}],"curies":[{"name":"wp","href":"https:\/\/api.w.org\/{rel}","templated":true}]}}