{"id":14534,"date":"2020-03-19T20:48:33","date_gmt":"2020-03-19T19:48:33","guid":{"rendered":"https:\/\/eufortrisomy21.eu\/?page_id=14534"},"modified":"2022-02-01T23:47:47","modified_gmt":"2022-02-01T22:47:47","slug":"challenge","status":"publish","type":"page","link":"https:\/\/eufortrisomy21.eu\/pt\/21march20\/challenge\/","title":{"rendered":"Desafio"},"content":{"rendered":"<h1>\n\t\t\n\t<\/h1>\n<h2>\n\t\tDesafio de meias incompat\u00edveis\n\t<\/h2>\n\t\t\t\t\t\t<img decoding=\"async\" src=\"https:\/\/i.ytimg.com\/vi\/QZ3elhGVp_Q\/maxresdefault.jpg\"  \/>\n\t<p>Cinco fam\u00edlias da B\u00e9lgica, Fran\u00e7a, It\u00e1lia, Espanha e Pol\u00f4nia desafiaram os membros do Parlamento Europeu (MEPs) a descasar suas meias em apoio \u00e0 celebra\u00e7\u00e3o do Dia Mundial da S\u00edndrome de Down, o que significa que as pessoas com S\u00edndrome de Down podem ser diferentes (como nosso meias), mas enriquecem a nossa sociedade da maneira mais bonita.<\/p>\n<p>Esta campanha online prepara o Dia Mundial da S\u00edndrome de Down, que ser\u00e1 comemorado todos os anos em 21 de mar\u00e7o.<\/p>\n<p>EU for Trissomy 21, em colabora\u00e7\u00e3o com muitas outras ONGs e MPEs, organizou uma s\u00e9rie de atividades para esta ocasi\u00e3o especial no Parlamento Europeu. Infelizmente, as atividades planejadas dentro do Parlamento para esta celebra\u00e7\u00e3o foram canceladas devido \u00e0s instru\u00e7\u00f5es do Covid-19.<\/p>\n\t<p>No entanto, a campanha de meias incompat\u00edveis nas redes sociais vai continuar, come\u00e7ando com o lan\u00e7amento hoje do v\u00eddeo de cinco pessoas com S\u00edndrome de Down e suas fam\u00edlias desafiando os deputados europeus a incompatibilizarem as suas meias.<\/p>\n<p>Durante esta campanha, os eurodeputados v\u00e3o receber uma breve nota sobre as necessidades de ac\u00e7\u00e3o da Uni\u00e3o Europeia em mat\u00e9ria de sa\u00fade, educa\u00e7\u00e3o, igualdade e investiga\u00e7\u00e3o para fazer face aos problemas que as pessoas com s\u00edndrome de Down e suas fam\u00edlias enfrentam.<\/p>\n<p>EU for Trisomy 21 gentilmente convida voc\u00ea a se juntar \u00e0 campanha de meias incompat\u00edveis postando sua foto ou v\u00eddeo no Twitter, Facebook ou Instagram com as hashtags #EUforTrisomy21 #WDSD20 e #WorldDownSyndromeDay.<\/p>\n<p>Para maiores informa\u00e7\u00f5es: <a href=\"mailto:antonio@eufortrisomy21.eu\">antonio@eufortrisomy21.eu<\/a><\/p>","protected":false},"excerpt":{"rendered":"<p>Mismatched socks challenge Five families from Belgium, France, Italy, Spain and Poland has challenged the Members of the European Parliament&hellip;<\/p>","protected":false},"author":2,"featured_media":0,"parent":14422,"menu_order":0,"comment_status":"closed","ping_status":"closed","template":"","meta":{"_acf_changed":false,"footnotes":""},"class_list":["post-14534","page","type-page","status-publish","hentry"],"acf":[],"_links":{"self":[{"href":"https:\/\/eufortrisomy21.eu\/pt\/wp-json\/wp\/v2\/pages\/14534"}],"collection":[{"href":"https:\/\/eufortrisomy21.eu\/pt\/wp-json\/wp\/v2\/pages"}],"about":[{"href":"https:\/\/eufortrisomy21.eu\/pt\/wp-json\/wp\/v2\/types\/page"}],"author":[{"embeddable":true,"href":"https:\/\/eufortrisomy21.eu\/pt\/wp-json\/wp\/v2\/users\/2"}],"replies":[{"embeddable":true,"href":"https:\/\/eufortrisomy21.eu\/pt\/wp-json\/wp\/v2\/comments?post=14534"}],"version-history":[{"count":0,"href":"https:\/\/eufortrisomy21.eu\/pt\/wp-json\/wp\/v2\/pages\/14534\/revisions"}],"up":[{"embeddable":true,"href":"https:\/\/eufortrisomy21.eu\/pt\/wp-json\/wp\/v2\/pages\/14422"}],"wp:attachment":[{"href":"https:\/\/eufortrisomy21.eu\/pt\/wp-json\/wp\/v2\/media?parent=14534"}],"curies":[{"name":"wp","href":"https:\/\/api.w.org\/{rel}","templated":true}]}}