{"id":14534,"date":"2020-03-19T20:48:33","date_gmt":"2020-03-19T19:48:33","guid":{"rendered":"https:\/\/eufortrisomy21.eu\/?page_id=14534"},"modified":"2022-02-01T23:47:47","modified_gmt":"2022-02-01T22:47:47","slug":"challenge","status":"publish","type":"page","link":"https:\/\/eufortrisomy21.eu\/ro\/21march20\/challenge\/","title":{"rendered":"Provocare"},"content":{"rendered":"<h1>\n\t\t\n\t<\/h1>\n<h2>\n\t\tProvocare de \u0219osete nepotrivite\n\t<\/h2>\n\t\t\t\t\t\t<img decoding=\"async\" src=\"https:\/\/i.ytimg.com\/vi\/QZ3elhGVp_Q\/maxresdefault.jpg\"  \/>\n\t<p>Cinci familii din Belgia, Fran\u021ba, Italia, Spania \u0219i Polonia au provocat deputa\u021bii \u00een Parlamentul European (europarlamentari) s\u0103 nu se potriveasc\u0103 \u0219osetelor \u00een sprijinul s\u0103rb\u0103torii Zilei Mondiale a Sindromului Down, ceea ce \u00eenseamn\u0103 c\u0103 persoanele cu Sindrom Down pot fi diferite \u0219osete), dar ne \u00eembog\u0103\u021besc societatea \u00een cel mai frumos mod.<\/p>\n<p>Aceast\u0103 campanie online preg\u0103te\u0219te Ziua Mondial\u0103 a Sindromului Down, care va fi s\u0103rb\u0103torit\u0103 ca \u00een fiecare an pe 21 martie.<\/p>\n<p>UE pentru Trisomia 21, \u00een colaborare cu multe alte ONG-uri \u0219i europarlamentari, a organizat o serie de activit\u0103\u021bi pentru aceast\u0103 ocazie special\u0103 \u00een Parlamentul European. Din p\u0103cate, activit\u0103\u021bile planificate \u00een interiorul Parlamentului pentru aceast\u0103 s\u0103rb\u0103toare au fost anulate din cauza instruc\u021biunilor de pe Covid-19.<\/p>\n\t<p>Cu toate acestea, campania de socializare a \u0219osetelor nepotrivite va continua \u00eencep\u00e2nd cu lansarea ast\u0103zi a videoclipului a cinci persoane cu sindrom Down \u0219i a familiilor lor, provoc\u00e2nd deputa\u021bii europeni s\u0103 nu se potriveasc\u0103 \u0219osetelor.<\/p>\n<p>\u00cen timpul acestei campanii, deputa\u021bii europeni vor primi o scurt\u0103 not\u0103 cu privire la nevoile de ac\u021biune din partea Uniunii Europene \u00een domeniul s\u0103n\u0103t\u0103\u021bii, educa\u021biei, egalit\u0103\u021bii \u0219i cercet\u0103rii pentru a aborda problemele cu care se confrunt\u0103 persoanele cu sindrom Down \u0219i familiile lor.<\/p>\n<p>UE pentru Trisomia 21 v\u0103 invit\u0103 cu amabilitate s\u0103 v\u0103 al\u0103tura\u021bi campaniei de \u0219osete nepotrivite post\u00e2nd fotografia sau videoclipul dvs. pe Twitter, Facebook sau Instagram cu hashtagurile #EUforTrisomy21 #WDSD20 \u0219i #WorldDownSyndromeDay.<\/p>\n<p>Pentru mai multe informatii: <a href=\"mailto:antonio@eufortrisomy21.eu\">antonio@eufortrisomy21.eu<\/a><\/p>","protected":false},"excerpt":{"rendered":"<p>Mismatched socks challenge Five families from Belgium, France, Italy, Spain and Poland has challenged the Members of the European Parliament&hellip;<\/p>","protected":false},"author":2,"featured_media":0,"parent":14422,"menu_order":0,"comment_status":"closed","ping_status":"closed","template":"","meta":{"_acf_changed":false,"footnotes":""},"class_list":["post-14534","page","type-page","status-publish","hentry"],"acf":[],"_links":{"self":[{"href":"https:\/\/eufortrisomy21.eu\/ro\/wp-json\/wp\/v2\/pages\/14534"}],"collection":[{"href":"https:\/\/eufortrisomy21.eu\/ro\/wp-json\/wp\/v2\/pages"}],"about":[{"href":"https:\/\/eufortrisomy21.eu\/ro\/wp-json\/wp\/v2\/types\/page"}],"author":[{"embeddable":true,"href":"https:\/\/eufortrisomy21.eu\/ro\/wp-json\/wp\/v2\/users\/2"}],"replies":[{"embeddable":true,"href":"https:\/\/eufortrisomy21.eu\/ro\/wp-json\/wp\/v2\/comments?post=14534"}],"version-history":[{"count":0,"href":"https:\/\/eufortrisomy21.eu\/ro\/wp-json\/wp\/v2\/pages\/14534\/revisions"}],"up":[{"embeddable":true,"href":"https:\/\/eufortrisomy21.eu\/ro\/wp-json\/wp\/v2\/pages\/14422"}],"wp:attachment":[{"href":"https:\/\/eufortrisomy21.eu\/ro\/wp-json\/wp\/v2\/media?parent=14534"}],"curies":[{"name":"wp","href":"https:\/\/api.w.org\/{rel}","templated":true}]}}