{"id":14422,"date":"2020-02-05T18:29:41","date_gmt":"2020-02-05T17:29:41","guid":{"rendered":"https:\/\/eufortrisomy21.eu\/?page_id=14422"},"modified":"2022-02-01T23:58:37","modified_gmt":"2022-02-01T22:58:37","slug":"21march20","status":"publish","type":"page","link":"https:\/\/eufortrisomy21.eu\/sk\/21march20\/","title":{"rendered":"21. marca 2020"},"content":{"rendered":"<h1>\n\t\t\n\t<\/h1>\n<h2>\n\t\t21. marca, dokonca aj uprostred zdravotnej kr\u00edzy, si m\u00f4\u017eeme s \u010dlenmi Eur\u00f3pskeho parlamentu a v\u00fdskumn\u00edkmi ucti\u0165 Svetov\u00fd de\u0148 Downovho syndr\u00f3mu\n\t<\/h2>\n\t<p>Pri pr\u00edle\u017eitosti Svetov\u00e9ho d\u0148a Downovho syndr\u00f3mu 21. marca<sup>sv<\/sup>V Eur\u00f3pskom parlamente bolo napl\u00e1novan\u00fdch mnoho podujat\u00ed, ktor\u00e9 boli zru\u0161en\u00e9 pre zdravotn\u00fa kr\u00edzu COVID-19.<\/p>\n<p>napriek tomu <strong>viac ako 100 poslancov Eur\u00f3pskeho parlamentu<\/strong> (MEPs) &#8211; willing to honour persons with Down syndrome on this special day &#8211; <strong>podp\u00edsali vyhl\u00e1senie<\/strong> potvrdzuj\u00fac d\u00f4stojnos\u0165 a neod\u0148ate\u013en\u00e9 pr\u00e1va na\u0161ich bl\u00edzkych s Downov\u00fdm syndr\u00f3mom. Zast\u00fapen\u00e9 s\u00fa v\u0161etky politick\u00e9 skupiny (GUE, S&amp;D, Zelen\u00ed, Obnova, E\u013dS, ECR, ID a NA).<\/p>\n<p><strong>eur\u00f3pskych v\u00fdskumn\u00edkov<\/strong>, who were invited by MEPs to publicly present their works in the European Parliament, have written &#8211; alongside with other experts &#8211; <strong>op-ed<\/strong>:<\/p>\n<strong>&#8220;Looking for Down syndrome treatment:<br \/>\nan inspiring scientific project which deserves EU&#8217;s political will&#8221;<\/strong>\n<p>Bude uverejnen\u00fd v eur\u00f3pskych novin\u00e1ch pri pr\u00edle\u017eitosti Svetov\u00e9ho d\u0148a Downovho syndr\u00f3mu. Tento \u010dl\u00e1nok sumarizuje ciele a objavy terapeutick\u00e9ho v\u00fdskumu: zn\u00ed\u017ei\u0165 invaliditu a zlep\u0161i\u0165 kvalitu \u017eivota a nez\u00e1vislos\u0165 os\u00f4b s Downov\u00fdm syndr\u00f3mom. Pre viac inform\u00e1ci\u00ed o vedeck\u00fdch objavoch s\u00fa k dispoz\u00edcii tri abstrakty v pr\u00edlohe.<\/p>\n<p>Let&#8217;s follow <em>Eur\u00f3pa pre triz\u00f3miu 21<\/em> na soci\u00e1lnych sie\u0165ach.<\/p>\n\t\t\t<a href=\"https:\/\/eufortrisomy21.eu\/sk\/21march20\/declaration\/\" target=\"_self\" role=\"button\" rel=\"noopener\">\n\t\t\t\t\t\t\tVYHL\u00c1SENIE a signat\u00e1ri Eur\u00f3pskeho parlamentu\n\t\t\t\t\t<\/a>\n\t\t\t<a href=\"https:\/\/eufortrisomy21.eu\/sk\/21march20\/challenge\/\" target=\"_self\" role=\"button\" rel=\"noopener\">\n\t\t\t\t\t\t\tNes\u00falad pono\u017eiek je v\u00fdzvou\n\t\t\t\t\t<\/a>\n\t\t\t<a href=\"https:\/\/eufortrisomy21.eu\/sk\/21march20\/research\/\" target=\"_self\" role=\"button\" rel=\"noopener\">\n\t\t\t\t\t\t\tV\u00fdskum\n\t\t\t\t\t<\/a>","protected":false},"excerpt":{"rendered":"<p>On March 21, even in the midst of the health crisis, we can honour World Down Syndrome Day with Members&hellip;<\/p>","protected":false},"author":2,"featured_media":0,"parent":0,"menu_order":10,"comment_status":"closed","ping_status":"closed","template":"","meta":{"_acf_changed":false,"footnotes":""},"class_list":["post-14422","page","type-page","status-publish","hentry"],"acf":[],"_links":{"self":[{"href":"https:\/\/eufortrisomy21.eu\/sk\/wp-json\/wp\/v2\/pages\/14422"}],"collection":[{"href":"https:\/\/eufortrisomy21.eu\/sk\/wp-json\/wp\/v2\/pages"}],"about":[{"href":"https:\/\/eufortrisomy21.eu\/sk\/wp-json\/wp\/v2\/types\/page"}],"author":[{"embeddable":true,"href":"https:\/\/eufortrisomy21.eu\/sk\/wp-json\/wp\/v2\/users\/2"}],"replies":[{"embeddable":true,"href":"https:\/\/eufortrisomy21.eu\/sk\/wp-json\/wp\/v2\/comments?post=14422"}],"version-history":[{"count":0,"href":"https:\/\/eufortrisomy21.eu\/sk\/wp-json\/wp\/v2\/pages\/14422\/revisions"}],"wp:attachment":[{"href":"https:\/\/eufortrisomy21.eu\/sk\/wp-json\/wp\/v2\/media?parent=14422"}],"curies":[{"name":"wp","href":"https:\/\/api.w.org\/{rel}","templated":true}]}}