{"id":14422,"date":"2020-02-05T18:29:41","date_gmt":"2020-02-05T17:29:41","guid":{"rendered":"https:\/\/eufortrisomy21.eu\/?page_id=14422"},"modified":"2022-02-01T23:58:37","modified_gmt":"2022-02-01T22:58:37","slug":"21march20","status":"publish","type":"page","link":"https:\/\/eufortrisomy21.eu\/sl\/21march20\/","title":{"rendered":"21. marca 2020"},"content":{"rendered":"<h1>\n\t\t\n\t<\/h1>\n<h2>\n\t\t21. marca, tudi sredi zdravstvene krize, lahko s poslanci Evropskega parlamenta in raziskovalci po\u010dastimo svetovni dan Downovega sindroma\n\t<\/h2>\n\t<p>Ob svetovnem dnevu Downovega sindroma 21. marca<sup>st<\/sup>, v Evropskem parlamentu je bilo na\u010drtovanih veliko dogodkov, ki so bili odpovedani zaradi zdravstvene krize Covid-19.<\/p>\n<p>kljub temu <strong>ve\u010d kot 100 poslancev v Evropskem parlamentu<\/strong> (MEPs) &#8211; willing to honour persons with Down syndrome on this special day &#8211; <strong>so podpisali izjavo<\/strong> potrditev dostojanstva in neodtujljivih pravic na\u0161ih ljubljenih z Downovim sindromom. Zastopane so vse politi\u010dne skupine (GUE, S&amp;D, Zeleni, Renew, EPP, ECR, ID in NA).<\/p>\n<p><strong>evropski raziskovalci<\/strong>, who were invited by MEPs to publicly present their works in the European Parliament, have written &#8211; alongside with other experts &#8211; <strong>op-ed<\/strong>:<\/p>\n<strong>&#8220;Looking for Down syndrome treatment:<br \/>\nan inspiring scientific project which deserves EU&#8217;s political will&#8221;<\/strong>\n<p>V evropskih \u010dasopisih bo objavljena ob svetovnem dnevu Downovega sindroma. \u010clanek povzema cilje in preboje terapevtskih raziskav: zmanj\u0161ati invalidnost ter izbolj\u0161ati kakovost \u017eivljenja in samostojnosti oseb z Downovim sindromom. Za ve\u010d informacij o znanstvenih dose\u017ekih so prilo\u017eeni trije povzetki.<\/p>\n<p>Let&#8217;s follow <em>Evropa za trisomijo 21<\/em> na dru\u017ebenih medijih.<\/p>\n\t\t\t<a href=\"https:\/\/eufortrisomy21.eu\/sl\/21march20\/declaration\/\" target=\"_self\" role=\"button\" rel=\"noopener\">\n\t\t\t\t\t\t\tIZJAVA in podpisniki EP\n\t\t\t\t\t<\/a>\n\t\t\t<a href=\"https:\/\/eufortrisomy21.eu\/sl\/21march20\/challenge\/\" target=\"_self\" role=\"button\" rel=\"noopener\">\n\t\t\t\t\t\t\tIzziv z neusklajenimi nogavicami\n\t\t\t\t\t<\/a>\n\t\t\t<a href=\"https:\/\/eufortrisomy21.eu\/sl\/21march20\/research\/\" target=\"_self\" role=\"button\" rel=\"noopener\">\n\t\t\t\t\t\t\tRaziskave\n\t\t\t\t\t<\/a>","protected":false},"excerpt":{"rendered":"<p>On March 21, even in the midst of the health crisis, we can honour World Down Syndrome Day with Members&hellip;<\/p>","protected":false},"author":2,"featured_media":0,"parent":0,"menu_order":10,"comment_status":"closed","ping_status":"closed","template":"","meta":{"_acf_changed":false,"footnotes":""},"class_list":["post-14422","page","type-page","status-publish","hentry"],"acf":[],"_links":{"self":[{"href":"https:\/\/eufortrisomy21.eu\/sl\/wp-json\/wp\/v2\/pages\/14422"}],"collection":[{"href":"https:\/\/eufortrisomy21.eu\/sl\/wp-json\/wp\/v2\/pages"}],"about":[{"href":"https:\/\/eufortrisomy21.eu\/sl\/wp-json\/wp\/v2\/types\/page"}],"author":[{"embeddable":true,"href":"https:\/\/eufortrisomy21.eu\/sl\/wp-json\/wp\/v2\/users\/2"}],"replies":[{"embeddable":true,"href":"https:\/\/eufortrisomy21.eu\/sl\/wp-json\/wp\/v2\/comments?post=14422"}],"version-history":[{"count":0,"href":"https:\/\/eufortrisomy21.eu\/sl\/wp-json\/wp\/v2\/pages\/14422\/revisions"}],"wp:attachment":[{"href":"https:\/\/eufortrisomy21.eu\/sl\/wp-json\/wp\/v2\/media?parent=14422"}],"curies":[{"name":"wp","href":"https:\/\/api.w.org\/{rel}","templated":true}]}}